{"id":6745,"date":"2025-10-23T20:29:45","date_gmt":"2025-10-23T20:29:45","guid":{"rendered":"https:\/\/bintafally.sn\/?post_type=product&#038;p=6745"},"modified":"2025-11-21T20:54:14","modified_gmt":"2025-11-21T20:54:14","slug":"the-wass","status":"publish","type":"product","link":"https:\/\/bintafally.sn\/en\/product\/the-wass\/","title":{"rendered":"TH\u00c9 WASS"},"content":{"rendered":"","protected":false},"excerpt":{"rendered":"<p><strong>POIDS NET : 70G<\/strong><\/p>\n<p>Calmant et Apaisant<br \/>\n16 sachets de th\u00e9<br \/>\nCompositions : citronnelle, menthe., gingembre, th\u00e9 jasmin, mixture de plantes aromatiques<\/p>\n<p>Mode d&#8217;emploi : Laisser infus\u00e9 2 \u00e0 3 mn 1 sachet de th\u00e9 dans une tasse d&rsquo;eau bouillante .<br \/>\nAvec l&rsquo;aide de la cuill\u00e8re \u00e0 caf\u00e9 pilonner sur le sachet pour une infusion au maximum.<br \/>\nA d\u00e9guster chaud avec ou sans sucre ou du miel selon votre choix.<br \/>\nCaract\u00e9ristiques : un mixte de citronnelle, menthe et gingembre con\u00e7u pour vous procurer calme et s\u00e9r\u00e9nit\u00e9<\/p>","protected":false},"featured_media":6905,"comment_status":"open","ping_status":"closed","template":"","meta":[],"product_cat":[160,173],"product_tag":[],"class_list":{"0":"post-6745","1":"product","2":"type-product","3":"status-publish","4":"has-post-thumbnail","6":"product_cat-thes-infusions","7":"product_cat-unisexe","9":"first","10":"instock","11":"taxable","12":"shipping-taxable","13":"purchasable","14":"product-type-simple"},"_links":{"self":[{"href":"https:\/\/bintafally.sn\/en\/wp-json\/wp\/v2\/product\/6745","targetHints":{"allow":["GET"]}}],"collection":[{"href":"https:\/\/bintafally.sn\/en\/wp-json\/wp\/v2\/product"}],"about":[{"href":"https:\/\/bintafally.sn\/en\/wp-json\/wp\/v2\/types\/product"}],"replies":[{"embeddable":true,"href":"https:\/\/bintafally.sn\/en\/wp-json\/wp\/v2\/comments?post=6745"}],"version-history":[{"count":2,"href":"https:\/\/bintafally.sn\/en\/wp-json\/wp\/v2\/product\/6745\/revisions"}],"predecessor-version":[{"id":7392,"href":"https:\/\/bintafally.sn\/en\/wp-json\/wp\/v2\/product\/6745\/revisions\/7392"}],"wp:featuredmedia":[{"embeddable":true,"href":"https:\/\/bintafally.sn\/en\/wp-json\/wp\/v2\/media\/6905"}],"wp:attachment":[{"href":"https:\/\/bintafally.sn\/en\/wp-json\/wp\/v2\/media?parent=6745"}],"wp:term":[{"taxonomy":"product_cat","embeddable":true,"href":"https:\/\/bintafally.sn\/en\/wp-json\/wp\/v2\/product_cat?post=6745"},{"taxonomy":"product_tag","embeddable":true,"href":"https:\/\/bintafally.sn\/en\/wp-json\/wp\/v2\/product_tag?post=6745"}],"curies":[{"name":"wp","href":"https:\/\/api.w.org\/{rel}","templated":true}]}}