{"id":6743,"date":"2025-10-23T20:28:02","date_gmt":"2025-10-23T20:28:02","guid":{"rendered":"https:\/\/bintafally.sn\/?post_type=product&#038;p=6743"},"modified":"2025-11-21T20:53:01","modified_gmt":"2025-11-21T20:53:01","slug":"the-x-tra-vitamines","status":"publish","type":"product","link":"https:\/\/bintafally.sn\/en\/product\/the-x-tra-vitamines\/","title":{"rendered":"TH\u00c9 X-TRA VITAMIN\u00c9S"},"content":{"rendered":"","protected":false},"excerpt":{"rendered":"<p><strong>POIDS NET : 95G<\/strong><\/p>\n<p>Curatif et Savoureux<br \/>\n16 sachets de th\u00e9<\/p>\n<p>Compositions: moringa, hibiscus, citron<\/p>\n<p>Mode d&#8217;emploi :Laisser infus\u00e9 3 \u00e0 5 mn 1sachet de th\u00e9 dans une tasse d&rsquo;eau bouillante .Avec l&rsquo;aide de la cuill\u00e8re \u00e0 caf\u00e9 pilonner sur le sachet pour une infusion au maximum.<br \/>\nA d\u00e9guster chaud avec ou sans sucre ou du miel<br \/>\nSelon votre choix.<\/p>\n<p>Caract\u00e9ristiques :avec ses propri\u00e9t\u00e9s miraculeuses le moringa s&rsquo;ajoute dans le d\u00e9licieux go\u00fbt acidul\u00e9 du bissap pour nous plonger dans un voyage sensoriel unique ancr\u00e9 dans les traditions ancestrales et les saveurs authentiques de l&rsquo;Afrique.<\/p>","protected":false},"featured_media":6909,"comment_status":"open","ping_status":"closed","template":"","meta":[],"product_cat":[160,173],"product_tag":[],"class_list":{"0":"post-6743","1":"product","2":"type-product","3":"status-publish","4":"has-post-thumbnail","6":"product_cat-thes-infusions","7":"product_cat-unisexe","9":"first","10":"instock","11":"taxable","12":"shipping-taxable","13":"purchasable","14":"product-type-simple"},"_links":{"self":[{"href":"https:\/\/bintafally.sn\/en\/wp-json\/wp\/v2\/product\/6743","targetHints":{"allow":["GET"]}}],"collection":[{"href":"https:\/\/bintafally.sn\/en\/wp-json\/wp\/v2\/product"}],"about":[{"href":"https:\/\/bintafally.sn\/en\/wp-json\/wp\/v2\/types\/product"}],"replies":[{"embeddable":true,"href":"https:\/\/bintafally.sn\/en\/wp-json\/wp\/v2\/comments?post=6743"}],"version-history":[{"count":3,"href":"https:\/\/bintafally.sn\/en\/wp-json\/wp\/v2\/product\/6743\/revisions"}],"predecessor-version":[{"id":7389,"href":"https:\/\/bintafally.sn\/en\/wp-json\/wp\/v2\/product\/6743\/revisions\/7389"}],"wp:featuredmedia":[{"embeddable":true,"href":"https:\/\/bintafally.sn\/en\/wp-json\/wp\/v2\/media\/6909"}],"wp:attachment":[{"href":"https:\/\/bintafally.sn\/en\/wp-json\/wp\/v2\/media?parent=6743"}],"wp:term":[{"taxonomy":"product_cat","embeddable":true,"href":"https:\/\/bintafally.sn\/en\/wp-json\/wp\/v2\/product_cat?post=6743"},{"taxonomy":"product_tag","embeddable":true,"href":"https:\/\/bintafally.sn\/en\/wp-json\/wp\/v2\/product_tag?post=6743"}],"curies":[{"name":"wp","href":"https:\/\/api.w.org\/{rel}","templated":true}]}}