{"id":6741,"date":"2025-10-23T20:26:36","date_gmt":"2025-10-23T20:26:36","guid":{"rendered":"https:\/\/bintafally.sn\/?post_type=product&#038;p=6741"},"modified":"2025-11-21T20:53:17","modified_gmt":"2025-11-21T20:53:17","slug":"the-menthe","status":"publish","type":"product","link":"https:\/\/bintafally.sn\/en\/product\/the-menthe\/","title":{"rendered":"TH\u00c9 MENTHE"},"content":{"rendered":"","protected":false},"excerpt":{"rendered":"<p><strong>POIDS NET : 70G<\/strong><\/p>\n<p>Digestive et stimulante<br \/>\n16 sachets de th\u00e9<\/p>\n<p>Compositions : 4 vari\u00e9t\u00e9s de menthe, feuilles d&rsquo;eucalyptus, mixture de plantes aromatiques<\/p>\n<p>Mode d&#8217;emploi : Laisser infus\u00e9 3 \u00e0 5 mm 1<br \/>\nsachet de th\u00e9 dans une tasse d&rsquo;eau bouillante. Avec l&rsquo;aide de la cuill\u00e8re \u00e0 caf\u00e9 pilonner sur le sachet de th\u00e9 pour une infusion au maximum.<br \/>\nA d\u00e9guster chaud avec ou sans sucre ou du miel selon votre choix.<\/p>\n<p>Caract\u00e9ristiques : Notre th\u00e9 Bintafally MENTHE est une invitation \u00e0 l&rsquo;\u00e9veil des sens et \u00e0 la revitalisation de l&rsquo;esprit. Cette fusion de menthes fra\u00eeches et d&rsquo;eucalyptus vivifiant offre une exp\u00e9rience \u00e0 la fois digestive et stimulante pour une infusion dynamisante qui vous ravive en douceur .<\/p>","protected":false},"featured_media":6911,"comment_status":"open","ping_status":"closed","template":"","meta":[],"product_cat":[160,173],"product_tag":[],"class_list":{"0":"post-6741","1":"product","2":"type-product","3":"status-publish","4":"has-post-thumbnail","6":"product_cat-thes-infusions","7":"product_cat-unisexe","9":"first","10":"instock","11":"taxable","12":"shipping-taxable","13":"purchasable","14":"product-type-simple"},"_links":{"self":[{"href":"https:\/\/bintafally.sn\/en\/wp-json\/wp\/v2\/product\/6741","targetHints":{"allow":["GET"]}}],"collection":[{"href":"https:\/\/bintafally.sn\/en\/wp-json\/wp\/v2\/product"}],"about":[{"href":"https:\/\/bintafally.sn\/en\/wp-json\/wp\/v2\/types\/product"}],"replies":[{"embeddable":true,"href":"https:\/\/bintafally.sn\/en\/wp-json\/wp\/v2\/comments?post=6741"}],"version-history":[{"count":2,"href":"https:\/\/bintafally.sn\/en\/wp-json\/wp\/v2\/product\/6741\/revisions"}],"predecessor-version":[{"id":7390,"href":"https:\/\/bintafally.sn\/en\/wp-json\/wp\/v2\/product\/6741\/revisions\/7390"}],"wp:featuredmedia":[{"embeddable":true,"href":"https:\/\/bintafally.sn\/en\/wp-json\/wp\/v2\/media\/6911"}],"wp:attachment":[{"href":"https:\/\/bintafally.sn\/en\/wp-json\/wp\/v2\/media?parent=6741"}],"wp:term":[{"taxonomy":"product_cat","embeddable":true,"href":"https:\/\/bintafally.sn\/en\/wp-json\/wp\/v2\/product_cat?post=6741"},{"taxonomy":"product_tag","embeddable":true,"href":"https:\/\/bintafally.sn\/en\/wp-json\/wp\/v2\/product_tag?post=6741"}],"curies":[{"name":"wp","href":"https:\/\/api.w.org\/{rel}","templated":true}]}}