{"id":6129,"date":"2025-09-26T17:54:17","date_gmt":"2025-09-26T17:54:17","guid":{"rendered":"https:\/\/bintafally.sn\/?post_type=product&#038;p=6129"},"modified":"2025-11-21T20:55:48","modified_gmt":"2025-11-21T20:55:48","slug":"the-secret","status":"publish","type":"product","link":"https:\/\/bintafally.sn\/en\/product\/the-secret\/","title":{"rendered":"TH\u00c9 SECRET"},"content":{"rendered":"<p data-start=\"130\" data-end=\"283\">Con\u00e7u sp\u00e9cialement pour les femmes, Secret for Woman est une infusion d\u00e9licate et \u00e9quilibr\u00e9e,<\/p>\n<p data-start=\"130\" data-end=\"283\">parfaite pour soutenir le bien-\u00eatre f\u00e9minin au quotidien.<\/p>\n<p data-start=\"285\" data-end=\"328\">","protected":false},"excerpt":{"rendered":"<p>Poids Net : 40g<br \/>\nPlaisir Intime<br \/>\nPlaisir Intime<br \/>\n4 sachets de th\u00e9<\/p>\n<p>Compositions : mixture de plantes aphrodisiaques aromatis\u00e9e \u00e0 la cannelle<\/p>\n<p>Mode d&#8217;emploi : porter \u00e0 \u00e9bullition 1 litre d&rsquo;eau\u00a0\ufe0f 1 sachet de SECRET pendant 2 \u00e0 3 mn.<br \/>\nRetirer et laisser infus\u00e9 hors de feu.avec l&rsquo;aide du cuill\u00e8re \u00e0 soupe pilonner sur le sachet de th\u00e9 pour une infusion au maximum.<br \/>\nPrendre une tasse ti\u00e8de le matin \u00e0 jeun et le soir au couch\u00e9 pendant 2 \u00e0 3 jours( c&rsquo;est \u00e0 dire tout le litre d&rsquo;infusion)<br \/>\nEncha\u00eener le processus avec un autre sachet de SECRET. A la fin du 2em litre infus\u00e9 faire une pause d&rsquo;une semaine avant d&rsquo;utiliser les 2 autre sachets restants.<br \/>\nSi vous \u00eates satisfait, attendez 3 mois pour utilisez un autre paquet de SECRET.<\/p>\n<p>Caract\u00e9ristiques : SECRET cr\u00e9e une exp\u00e9rience sensorielle \u00e0 partager entre femme, unissant corps et esprit dans une harmonie d\u00e9licieuse.<\/p>","protected":false},"featured_media":6736,"comment_status":"open","ping_status":"closed","template":"","meta":[],"product_cat":[172,160],"product_tag":[],"class_list":{"0":"post-6129","1":"product","2":"type-product","3":"status-publish","4":"has-post-thumbnail","6":"product_cat-pour-femme","7":"product_cat-thes-infusions","9":"first","10":"instock","11":"taxable","12":"shipping-taxable","13":"purchasable","14":"product-type-simple"},"_links":{"self":[{"href":"https:\/\/bintafally.sn\/en\/wp-json\/wp\/v2\/product\/6129","targetHints":{"allow":["GET"]}}],"collection":[{"href":"https:\/\/bintafally.sn\/en\/wp-json\/wp\/v2\/product"}],"about":[{"href":"https:\/\/bintafally.sn\/en\/wp-json\/wp\/v2\/types\/product"}],"replies":[{"embeddable":true,"href":"https:\/\/bintafally.sn\/en\/wp-json\/wp\/v2\/comments?post=6129"}],"version-history":[{"count":5,"href":"https:\/\/bintafally.sn\/en\/wp-json\/wp\/v2\/product\/6129\/revisions"}],"predecessor-version":[{"id":7394,"href":"https:\/\/bintafally.sn\/en\/wp-json\/wp\/v2\/product\/6129\/revisions\/7394"}],"wp:featuredmedia":[{"embeddable":true,"href":"https:\/\/bintafally.sn\/en\/wp-json\/wp\/v2\/media\/6736"}],"wp:attachment":[{"href":"https:\/\/bintafally.sn\/en\/wp-json\/wp\/v2\/media?parent=6129"}],"wp:term":[{"taxonomy":"product_cat","embeddable":true,"href":"https:\/\/bintafally.sn\/en\/wp-json\/wp\/v2\/product_cat?post=6129"},{"taxonomy":"product_tag","embeddable":true,"href":"https:\/\/bintafally.sn\/en\/wp-json\/wp\/v2\/product_tag?post=6129"}],"curies":[{"name":"wp","href":"https:\/\/api.w.org\/{rel}","templated":true}]}}