{"id":6127,"date":"2025-09-26T17:52:02","date_gmt":"2025-09-26T17:52:02","guid":{"rendered":"https:\/\/bintafally.sn\/?post_type=product&#038;p=6127"},"modified":"2025-11-21T20:55:07","modified_gmt":"2025-11-21T20:55:07","slug":"the-shai","status":"publish","type":"product","link":"https:\/\/bintafally.sn\/en\/product\/the-shai\/","title":{"rendered":"TH\u00c9 SHAI"},"content":{"rendered":"<p>Un mariage \u00e9l\u00e9gant de saveurs. Ce th\u00e9 au jasmin agr\u00e9ment\u00e9 de citronnelle et de menthe offre un go\u00fbt doux et floral avec une touche rafra\u00eechissante, parfait pour des moments de d\u00e9tente.<\/p>","protected":false},"excerpt":{"rendered":"<p>POIDS NET : 70G<br \/>\nCitronnelle, Menthe, Th\u00e9 au Jasmin<\/p>\n<p>Infusion miracle \u00e0 d\u00e9guster<br \/>\nTh\u00e9 en wrac<br \/>\nCompositions : citronnelle, menthe, th\u00e9 jasmin, mixture de plantes aromatiques<br \/>\nMode d&#8217;emploi : pour 2 tasses de th\u00e9<br \/>\nFaire bouillir 2 tasses d&rsquo;eau y ajouter 1 cuill\u00e8re \u00e0 soupe de shai, recouvrir compl\u00e8tement pour infuser pendant 5 mn.<br \/>\nAjouter du sucre selon go\u00fbt ,filtrer et savourer chaud.<br \/>\nCaract\u00e9ristiques : le shai est plus qu&rsquo;une boisson chaude c&rsquo;est un rituel social et culturel.<\/p>","protected":false},"featured_media":6908,"comment_status":"open","ping_status":"closed","template":"","meta":[],"product_cat":[160,173],"product_tag":[],"class_list":{"0":"post-6127","1":"product","2":"type-product","3":"status-publish","4":"has-post-thumbnail","6":"product_cat-thes-infusions","7":"product_cat-unisexe","9":"first","10":"instock","11":"taxable","12":"shipping-taxable","13":"purchasable","14":"product-type-simple"},"_links":{"self":[{"href":"https:\/\/bintafally.sn\/en\/wp-json\/wp\/v2\/product\/6127","targetHints":{"allow":["GET"]}}],"collection":[{"href":"https:\/\/bintafally.sn\/en\/wp-json\/wp\/v2\/product"}],"about":[{"href":"https:\/\/bintafally.sn\/en\/wp-json\/wp\/v2\/types\/product"}],"replies":[{"embeddable":true,"href":"https:\/\/bintafally.sn\/en\/wp-json\/wp\/v2\/comments?post=6127"}],"version-history":[{"count":3,"href":"https:\/\/bintafally.sn\/en\/wp-json\/wp\/v2\/product\/6127\/revisions"}],"predecessor-version":[{"id":7393,"href":"https:\/\/bintafally.sn\/en\/wp-json\/wp\/v2\/product\/6127\/revisions\/7393"}],"wp:featuredmedia":[{"embeddable":true,"href":"https:\/\/bintafally.sn\/en\/wp-json\/wp\/v2\/media\/6908"}],"wp:attachment":[{"href":"https:\/\/bintafally.sn\/en\/wp-json\/wp\/v2\/media?parent=6127"}],"wp:term":[{"taxonomy":"product_cat","embeddable":true,"href":"https:\/\/bintafally.sn\/en\/wp-json\/wp\/v2\/product_cat?post=6127"},{"taxonomy":"product_tag","embeddable":true,"href":"https:\/\/bintafally.sn\/en\/wp-json\/wp\/v2\/product_tag?post=6127"}],"curies":[{"name":"wp","href":"https:\/\/api.w.org\/{rel}","templated":true}]}}