{"id":6124,"date":"2025-09-26T17:41:57","date_gmt":"2025-09-26T17:41:57","guid":{"rendered":"https:\/\/bintafally.sn\/?post_type=product&#038;p=6124"},"modified":"2025-11-21T20:53:46","modified_gmt":"2025-11-21T20:53:46","slug":"energizer","status":"publish","type":"product","link":"https:\/\/bintafally.sn\/en\/product\/energizer\/","title":{"rendered":"TH\u00c9 ENERGIZER"},"content":{"rendered":"<p data-start=\"1489\" data-end=\"1684\">Un v\u00e9ritable coup de fouet naturel. Le gingembre et le citron forment un duo \u00e9nergisant qui stimule le corps et l\u2019esprit,<\/p>\n<p data-start=\"1489\" data-end=\"1684\">id\u00e9al pour bien commencer la journ\u00e9e ou surmonter une baisse d\u2019\u00e9nergie.<\/p>","protected":false},"excerpt":{"rendered":"<p>POIDS NET : 95G<br \/>\nGingembre, Citron<\/p>\n<p>Sant\u00e9 et Vitalit\u00e9<br \/>\n16 sachets de th\u00e9<\/p>\n<p>Composition : gingembre, citron, grain de nigelle, clou de girofle, mixture de plantes aromatiques<\/p>\n<p>Mode d&#8217;emploi :lLaisser infus\u00e9 3 \u00e0 5 mn 1 sachet de th\u00e9 dans une tasse d&rsquo;eau bouillante. Avec l&rsquo;aide de la cuill\u00e8re \u00e0 caf\u00e9 pilonner sur le sachet pour une infusion au maximum.<br \/>\nA d\u00e9guster chaud avec ou sans sucre ou du miel<br \/>\nSelon votre choix.<\/p>\n<p>Caract\u00e9ristiques : une infusion revigorante qui marie la chaleur du gingembre et la fra\u00eecheur du citron, envelopp\u00e9e dans un m\u00e9lange d&rsquo;\u00e9pices aux vertus curatives.<br \/>\nOffrer \u00e0 votre corps la vitalit\u00e9 dont il a besoin tout en savourant chaque gorg\u00e9e.<\/p>","protected":false},"featured_media":6906,"comment_status":"open","ping_status":"closed","template":"","meta":[],"product_cat":[160,173],"product_tag":[],"class_list":{"0":"post-6124","1":"product","2":"type-product","3":"status-publish","4":"has-post-thumbnail","6":"product_cat-thes-infusions","7":"product_cat-unisexe","9":"first","10":"instock","11":"taxable","12":"shipping-taxable","13":"purchasable","14":"product-type-simple"},"_links":{"self":[{"href":"https:\/\/bintafally.sn\/en\/wp-json\/wp\/v2\/product\/6124","targetHints":{"allow":["GET"]}}],"collection":[{"href":"https:\/\/bintafally.sn\/en\/wp-json\/wp\/v2\/product"}],"about":[{"href":"https:\/\/bintafally.sn\/en\/wp-json\/wp\/v2\/types\/product"}],"replies":[{"embeddable":true,"href":"https:\/\/bintafally.sn\/en\/wp-json\/wp\/v2\/comments?post=6124"}],"version-history":[{"count":4,"href":"https:\/\/bintafally.sn\/en\/wp-json\/wp\/v2\/product\/6124\/revisions"}],"predecessor-version":[{"id":7391,"href":"https:\/\/bintafally.sn\/en\/wp-json\/wp\/v2\/product\/6124\/revisions\/7391"}],"wp:featuredmedia":[{"embeddable":true,"href":"https:\/\/bintafally.sn\/en\/wp-json\/wp\/v2\/media\/6906"}],"wp:attachment":[{"href":"https:\/\/bintafally.sn\/en\/wp-json\/wp\/v2\/media?parent=6124"}],"wp:term":[{"taxonomy":"product_cat","embeddable":true,"href":"https:\/\/bintafally.sn\/en\/wp-json\/wp\/v2\/product_cat?post=6124"},{"taxonomy":"product_tag","embeddable":true,"href":"https:\/\/bintafally.sn\/en\/wp-json\/wp\/v2\/product_tag?post=6124"}],"curies":[{"name":"wp","href":"https:\/\/api.w.org\/{rel}","templated":true}]}}