{"id":6102,"date":"2025-09-26T16:46:55","date_gmt":"2025-09-26T16:46:55","guid":{"rendered":"https:\/\/bintafally.sn\/?post_type=product&#038;p=6102"},"modified":"2025-12-09T13:34:29","modified_gmt":"2025-12-09T13:34:29","slug":"marinade-viande","status":"publish","type":"product","link":"https:\/\/bintafally.sn\/en\/product\/marinade-viande\/","title":{"rendered":"MARINADE VIANDE"},"content":{"rendered":"<p>Nos marinades sont pr\u00e9par\u00e9es avec soin, en associant des \u00e9pices locales aux herbes aromatiques. Id\u00e9al pour relever vos viandes, plats mijot\u00e9s ou grillades au go\u00fbt authentique du S\u00e9n\u00e9gal.<\/p>","protected":false},"excerpt":{"rendered":"<p><strong>POIDS NET : 600G<\/strong><\/p>\n<p>&nbsp;<\/p>\n<p>M\u00e9lange d\u2019\u00e9pices et d\u2019herbes locales pour<\/p>\n<p>sublimer vos grillades et plats mijot\u00e9s.<\/p>\n<p>&nbsp;<\/p>\n<p>Laissez-vous s\u00e9duire par l&rsquo;\u00e2me de l&rsquo;Afrique, o\u00f9 chaque grain d&rsquo;\u00e9pice raconte une histoire. La coriandre envo\u00fbtante s&rsquo;allie \u00e0 l&rsquo;ail puissant, le poivre audacieux et la moutarde piquante. La fra\u00eecheur de la menthe danse avec le thym, tandis que le sel, la muscade et le gingembre ajoutent profondeur et myst\u00e8re. Une touche de cumin pour compl\u00e9ter cette symphonie de saveurs.<\/p>\n<p>&nbsp;<\/p>","protected":false},"featured_media":6931,"comment_status":"open","ping_status":"closed","template":"","meta":[],"product_cat":[165,169],"product_tag":[],"class_list":{"0":"post-6102","1":"product","2":"type-product","3":"status-publish","4":"has-post-thumbnail","6":"product_cat-epices-marinades","7":"product_cat-marinade","9":"first","10":"instock","11":"taxable","12":"shipping-taxable","13":"purchasable","14":"product-type-simple"},"_links":{"self":[{"href":"https:\/\/bintafally.sn\/en\/wp-json\/wp\/v2\/product\/6102","targetHints":{"allow":["GET"]}}],"collection":[{"href":"https:\/\/bintafally.sn\/en\/wp-json\/wp\/v2\/product"}],"about":[{"href":"https:\/\/bintafally.sn\/en\/wp-json\/wp\/v2\/types\/product"}],"replies":[{"embeddable":true,"href":"https:\/\/bintafally.sn\/en\/wp-json\/wp\/v2\/comments?post=6102"}],"version-history":[{"count":6,"href":"https:\/\/bintafally.sn\/en\/wp-json\/wp\/v2\/product\/6102\/revisions"}],"predecessor-version":[{"id":7404,"href":"https:\/\/bintafally.sn\/en\/wp-json\/wp\/v2\/product\/6102\/revisions\/7404"}],"wp:featuredmedia":[{"embeddable":true,"href":"https:\/\/bintafally.sn\/en\/wp-json\/wp\/v2\/media\/6931"}],"wp:attachment":[{"href":"https:\/\/bintafally.sn\/en\/wp-json\/wp\/v2\/media?parent=6102"}],"wp:term":[{"taxonomy":"product_cat","embeddable":true,"href":"https:\/\/bintafally.sn\/en\/wp-json\/wp\/v2\/product_cat?post=6102"},{"taxonomy":"product_tag","embeddable":true,"href":"https:\/\/bintafally.sn\/en\/wp-json\/wp\/v2\/product_tag?post=6102"}],"curies":[{"name":"wp","href":"https:\/\/api.w.org\/{rel}","templated":true}]}}