{"id":6100,"date":"2025-09-26T16:46:14","date_gmt":"2025-09-26T16:46:14","guid":{"rendered":"https:\/\/bintafally.sn\/?post_type=product&#038;p=6100"},"modified":"2025-12-09T13:34:20","modified_gmt":"2025-12-09T13:34:20","slug":"marinade-poulet","status":"publish","type":"product","link":"https:\/\/bintafally.sn\/en\/product\/marinade-poulet\/","title":{"rendered":"MARINADE POULET"},"content":{"rendered":"","protected":false},"excerpt":{"rendered":"<p><strong>POIDS NET : 650G<\/strong><\/p>\n<p>Plongez dans un voyage culinaire avec des nuances africaines. La coriandre vibrante et l&rsquo;ail parfum\u00e9 rencontrent le poivre et la moutarde. Le basilic apporte sa douceur, tandis que le gingembre et le curcuma \u00e9veillent les sens. Le sel et la citronnelle, enfin, viennent sublimer le cumin pour une exp\u00e9rience gustative inoubliable.<\/p>\n<p>&nbsp;<\/p>","protected":false},"featured_media":6929,"comment_status":"open","ping_status":"closed","template":"","meta":[],"product_cat":[165,169],"product_tag":[],"class_list":{"0":"post-6100","1":"product","2":"type-product","3":"status-publish","4":"has-post-thumbnail","6":"product_cat-epices-marinades","7":"product_cat-marinade","9":"first","10":"instock","11":"taxable","12":"shipping-taxable","13":"purchasable","14":"product-type-simple"},"_links":{"self":[{"href":"https:\/\/bintafally.sn\/en\/wp-json\/wp\/v2\/product\/6100","targetHints":{"allow":["GET"]}}],"collection":[{"href":"https:\/\/bintafally.sn\/en\/wp-json\/wp\/v2\/product"}],"about":[{"href":"https:\/\/bintafally.sn\/en\/wp-json\/wp\/v2\/types\/product"}],"replies":[{"embeddable":true,"href":"https:\/\/bintafally.sn\/en\/wp-json\/wp\/v2\/comments?post=6100"}],"version-history":[{"count":5,"href":"https:\/\/bintafally.sn\/en\/wp-json\/wp\/v2\/product\/6100\/revisions"}],"predecessor-version":[{"id":7405,"href":"https:\/\/bintafally.sn\/en\/wp-json\/wp\/v2\/product\/6100\/revisions\/7405"}],"wp:featuredmedia":[{"embeddable":true,"href":"https:\/\/bintafally.sn\/en\/wp-json\/wp\/v2\/media\/6929"}],"wp:attachment":[{"href":"https:\/\/bintafally.sn\/en\/wp-json\/wp\/v2\/media?parent=6100"}],"wp:term":[{"taxonomy":"product_cat","embeddable":true,"href":"https:\/\/bintafally.sn\/en\/wp-json\/wp\/v2\/product_cat?post=6100"},{"taxonomy":"product_tag","embeddable":true,"href":"https:\/\/bintafally.sn\/en\/wp-json\/wp\/v2\/product_tag?post=6100"}],"curies":[{"name":"wp","href":"https:\/\/api.w.org\/{rel}","templated":true}]}}