{"id":6079,"date":"2025-09-26T16:33:31","date_gmt":"2025-09-26T16:33:31","guid":{"rendered":"https:\/\/bintafally.sn\/?post_type=product&#038;p=6079"},"modified":"2025-10-31T16:45:42","modified_gmt":"2025-10-31T16:45:42","slug":"epice-pour-viande-saveurs-authentiques","status":"publish","type":"product","link":"https:\/\/bintafally.sn\/en\/product\/epice-pour-viande-saveurs-authentiques\/","title":{"rendered":"\u00c9PICES VIANDE"},"content":{"rendered":"<p>Nos marinades sont pr\u00e9par\u00e9es avec soin, en associant des \u00e9pices locales aux herbes aromatiques. Id\u00e9al pour relever vos viandes, plats mijot\u00e9s ou grillades au go\u00fbt authentique du S\u00e9n\u00e9gal.<\/p>\n<p>Conservation : \u00e0 l\u2019abri de l\u2019humidit\u00e9, \u00e0 consommer dans les 12 mois.<\/p>","protected":false},"excerpt":{"rendered":"<p>M\u00e9lange d\u2019\u00e9pices et d\u2019herbes locales pour sublimer vos grillades et plats mijot\u00e9s.<\/p>","protected":false},"featured_media":6932,"comment_status":"open","ping_status":"closed","template":"","meta":[],"product_cat":[180,165],"product_tag":[],"class_list":{"0":"post-6079","1":"product","2":"type-product","3":"status-publish","4":"has-post-thumbnail","6":"product_cat-epices","7":"product_cat-epices-marinades","9":"first","10":"instock","11":"taxable","12":"shipping-taxable","13":"purchasable","14":"product-type-variable","15":"rtwpvs-product"},"_links":{"self":[{"href":"https:\/\/bintafally.sn\/en\/wp-json\/wp\/v2\/product\/6079","targetHints":{"allow":["GET"]}}],"collection":[{"href":"https:\/\/bintafally.sn\/en\/wp-json\/wp\/v2\/product"}],"about":[{"href":"https:\/\/bintafally.sn\/en\/wp-json\/wp\/v2\/types\/product"}],"replies":[{"embeddable":true,"href":"https:\/\/bintafally.sn\/en\/wp-json\/wp\/v2\/comments?post=6079"}],"version-history":[{"count":4,"href":"https:\/\/bintafally.sn\/en\/wp-json\/wp\/v2\/product\/6079\/revisions"}],"predecessor-version":[{"id":6764,"href":"https:\/\/bintafally.sn\/en\/wp-json\/wp\/v2\/product\/6079\/revisions\/6764"}],"wp:featuredmedia":[{"embeddable":true,"href":"https:\/\/bintafally.sn\/en\/wp-json\/wp\/v2\/media\/6932"}],"wp:attachment":[{"href":"https:\/\/bintafally.sn\/en\/wp-json\/wp\/v2\/media?parent=6079"}],"wp:term":[{"taxonomy":"product_cat","embeddable":true,"href":"https:\/\/bintafally.sn\/en\/wp-json\/wp\/v2\/product_cat?post=6079"},{"taxonomy":"product_tag","embeddable":true,"href":"https:\/\/bintafally.sn\/en\/wp-json\/wp\/v2\/product_tag?post=6079"}],"curies":[{"name":"wp","href":"https:\/\/api.w.org\/{rel}","templated":true}]}}